{"id":1141,"date":"2024-12-02T09:26:20","date_gmt":"2024-12-02T08:26:20","guid":{"rendered":"https:\/\/cecilegodart.fr\/?page_id=1141"},"modified":"2025-08-31T20:15:48","modified_gmt":"2025-08-31T18:15:48","slug":"le-coin-des-liens","status":"publish","type":"page","link":"https:\/\/cecilegodart.fr\/index.php\/le-coin-des-liens\/","title":{"rendered":"Liens"},"content":{"rendered":"\n<p><a href=\"http:\/\/lasoupeauxetoiles.fr\/\">Compagnie La Soupe aux \u00e9toiles<\/a><\/p>\n\n\n\n<p><a href=\"https:\/\/ciescolopendre.blogspot.com\/\">Compagnie Scolopendre<\/a><\/p>\n\n\n\n<p><a href=\"http:\/\/www.delphinethouilleux.com\/\">Delphine Thouilleux<\/a><\/p>\n\n\n\n<p><a href=\"https:\/\/www.konsldiz.fr\/\">Collectif Konsl&rsquo;diz<\/a><\/p>\n\n\n\n<p><a href=\"https:\/\/maintesetunefois.fr\/\">Compagnie Maintes et une fois<\/a><\/p>\n\n\n\n<p><a href=\"https:\/\/www.perpetueldetour.fr\">Compagnie Perp\u00e9tuel D\u00e9tour<\/a><\/p>\n\n\n\n<p><a href=\"https:\/\/www.niaksniaks.com\/\">Marie Cellard<\/a><\/p>\n\n\n\n<p><a href=\"https:\/\/www.zoriamoine.com\/\">Zoria Moine<\/a><\/p>\n\n\n\n<p><a href=\"http:\/\/www.flickr.com\/photos\/cassarpaul\/\">Paul Cassar, photographe<\/a><\/p>\n\n\n\n<p><a href=\"https:\/\/latarlatane.com\/\">Th\u00e9\u00e2tre de La Tarlatane<\/a><\/p>\n\n\n\n<p><a href=\"https:\/\/www.facebook.com\/theatretroiscoups\/\">Th\u00e9\u00e2tre des Trois Coups<\/a><\/p>\n\n\n\n<p><a href=\"https:\/\/labaroufada.com\/\">La Baroufada<\/a><\/p>\n\n\n\n<p><a href=\"https:\/\/crefadloire.org\/\">Maud Muller du Crefad de la Loire<\/a> (merci pour le coup de pouce num\u00e9rique !)<\/p>\n","protected":false},"excerpt":{"rendered":"<p>Compagnie La Soupe aux \u00e9toiles Compagnie Scolopendre Delphine Thouilleux Collectif Konsl&rsquo;diz Compagnie Maintes et une fois Compagnie Perp\u00e9tuel D\u00e9tour Marie Cellard Zoria Moine Paul Cassar, photographe Th\u00e9\u00e2tre de La Tarlatane Th\u00e9\u00e2tre des Trois Coups La Baroufada Maud Muller du Crefad de la Loire (merci pour le coup de pouce num\u00e9rique !)<\/p>\n","protected":false},"author":1,"featured_media":0,"parent":0,"menu_order":7,"comment_status":"closed","ping_status":"closed","template":"","meta":{"footnotes":""},"class_list":["post-1141","page","type-page","status-publish","hentry"],"_links":{"self":[{"href":"https:\/\/cecilegodart.fr\/index.php\/wp-json\/wp\/v2\/pages\/1141","targetHints":{"allow":["GET"]}}],"collection":[{"href":"https:\/\/cecilegodart.fr\/index.php\/wp-json\/wp\/v2\/pages"}],"about":[{"href":"https:\/\/cecilegodart.fr\/index.php\/wp-json\/wp\/v2\/types\/page"}],"author":[{"embeddable":true,"href":"https:\/\/cecilegodart.fr\/index.php\/wp-json\/wp\/v2\/users\/1"}],"replies":[{"embeddable":true,"href":"https:\/\/cecilegodart.fr\/index.php\/wp-json\/wp\/v2\/comments?post=1141"}],"version-history":[{"count":5,"href":"https:\/\/cecilegodart.fr\/index.php\/wp-json\/wp\/v2\/pages\/1141\/revisions"}],"predecessor-version":[{"id":1381,"href":"https:\/\/cecilegodart.fr\/index.php\/wp-json\/wp\/v2\/pages\/1141\/revisions\/1381"}],"wp:attachment":[{"href":"https:\/\/cecilegodart.fr\/index.php\/wp-json\/wp\/v2\/media?parent=1141"}],"curies":[{"name":"wp","href":"https:\/\/api.w.org\/{rel}","templated":true}]}}