{"id":61,"date":"2024-02-07T22:15:35","date_gmt":"2024-02-07T21:15:35","guid":{"rendered":"https:\/\/cecilegodart.fr\/?page_id=61"},"modified":"2025-08-01T13:27:36","modified_gmt":"2025-08-01T11:27:36","slug":"spectacles","status":"publish","type":"page","link":"https:\/\/cecilegodart.fr\/index.php\/spectacles\/","title":{"rendered":"Spectacles"},"content":{"rendered":"\n<div class=\"wp-block-media-text has-media-on-the-right is-stacked-on-mobile\"><div class=\"wp-block-media-text__content\">\n<p><strong><em><a href=\"https:\/\/cecilegodart.fr\/index.php\/spectacles\/au-pied-du-monde\/\">Au pied du monde<\/a><\/em><\/strong><\/p>\n\n\n\n<p>Spectacle musical et visuel <\/p>\n\n\n\n<p>Petite enfance<\/p>\n<\/div><figure class=\"wp-block-media-text__media\"><img loading=\"lazy\" decoding=\"async\" width=\"350\" height=\"350\" src=\"http:\/\/cecilegodart.fr\/wp-content\/uploads\/2025\/08\/image-3.png\" alt=\"\" class=\"wp-image-1313 size-full\" srcset=\"https:\/\/cecilegodart.fr\/wp-content\/uploads\/2025\/08\/image-3.png 350w, https:\/\/cecilegodart.fr\/wp-content\/uploads\/2025\/08\/image-3-300x300.png 300w, https:\/\/cecilegodart.fr\/wp-content\/uploads\/2025\/08\/image-3-150x150.png 150w\" sizes=\"auto, (max-width: 350px) 100vw, 350px\" \/><\/figure><\/div>\n\n\n\n<p>____________________________________________________________________________________________<\/p>\n\n\n\n<div class=\"wp-block-group is-layout-constrained wp-block-group-is-layout-constrained\">\n<div class=\"wp-block-media-text is-stacked-on-mobile\" style=\"grid-template-columns:33% auto\"><figure class=\"wp-block-media-text__media\"><a href=\"https:\/\/cecilegodart.fr\/index.php\/spectacles\/au-voleur\/\"><img loading=\"lazy\" decoding=\"async\" width=\"728\" height=\"1024\" src=\"https:\/\/cecilegodart.fr\/wp-content\/uploads\/2024\/02\/AU-VOLEUR-Affiche-1-728x1024.jpg\" alt=\"\" class=\"wp-image-149 size-full\" srcset=\"https:\/\/cecilegodart.fr\/wp-content\/uploads\/2024\/02\/AU-VOLEUR-Affiche-1-728x1024.jpg 728w, https:\/\/cecilegodart.fr\/wp-content\/uploads\/2024\/02\/AU-VOLEUR-Affiche-1-213x300.jpg 213w, https:\/\/cecilegodart.fr\/wp-content\/uploads\/2024\/02\/AU-VOLEUR-Affiche-1-768x1080.jpg 768w, https:\/\/cecilegodart.fr\/wp-content\/uploads\/2024\/02\/AU-VOLEUR-Affiche-1.jpg 860w\" sizes=\"auto, (max-width: 728px) 100vw, 728px\" \/><\/a><\/figure><div class=\"wp-block-media-text__content\">\n<p><em><strong>Au Voleur !<\/strong><\/em><\/p>\n\n\n\n<p>Conte et Musique \u00e0 partir de 5 ans<\/p>\n\n\n\n<p><\/p>\n<\/div><\/div>\n\n\n\n<p>____________________________________________________________________________________________<\/p>\n<\/div>\n\n\n\n<div class=\"wp-block-media-text has-media-on-the-right is-stacked-on-mobile\"><div class=\"wp-block-media-text__content\">\n<p><em><strong>Quand tombe la nuit<\/strong><\/em><\/p>\n\n\n\n<p>Th\u00e9\u00e2tre d&rsquo;ombre et musique \u00e0 partir de 3 ans<\/p>\n<\/div><figure class=\"wp-block-media-text__media\"><a href=\"https:\/\/cecilegodart.fr\/index.php\/spectacles\/quand-tombe-la-nuit\/\"><img loading=\"lazy\" decoding=\"async\" width=\"1024\" height=\"768\" src=\"https:\/\/cecilegodart.fr\/wp-content\/uploads\/2024\/02\/Quand-tombe-la-nuit064-1024x768.jpg\" alt=\"\" class=\"wp-image-187 size-full\" srcset=\"https:\/\/cecilegodart.fr\/wp-content\/uploads\/2024\/02\/Quand-tombe-la-nuit064-1024x768.jpg 1024w, https:\/\/cecilegodart.fr\/wp-content\/uploads\/2024\/02\/Quand-tombe-la-nuit064-300x225.jpg 300w, https:\/\/cecilegodart.fr\/wp-content\/uploads\/2024\/02\/Quand-tombe-la-nuit064-768x576.jpg 768w, https:\/\/cecilegodart.fr\/wp-content\/uploads\/2024\/02\/Quand-tombe-la-nuit064.jpg 1200w\" sizes=\"auto, (max-width: 1024px) 100vw, 1024px\" \/><\/a><\/figure><\/div>\n\n\n\n<p>____________________________________________________________________________________________<\/p>\n\n\n\n<div class=\"wp-block-media-text is-stacked-on-mobile\"><figure class=\"wp-block-media-text__media\"><a href=\"https:\/\/cecilegodart.fr\/index.php\/spectacles\/un-chat-dans-la-ville\/\"><img loading=\"lazy\" decoding=\"async\" width=\"719\" height=\"1024\" src=\"https:\/\/cecilegodart.fr\/wp-content\/uploads\/2024\/12\/Un-chat-dans-la-ville-1-719x1024.jpg\" alt=\"\" class=\"wp-image-1152 size-full\" srcset=\"https:\/\/cecilegodart.fr\/wp-content\/uploads\/2024\/12\/Un-chat-dans-la-ville-1-719x1024.jpg 719w, https:\/\/cecilegodart.fr\/wp-content\/uploads\/2024\/12\/Un-chat-dans-la-ville-1-211x300.jpg 211w, https:\/\/cecilegodart.fr\/wp-content\/uploads\/2024\/12\/Un-chat-dans-la-ville-1-768x1094.jpg 768w, https:\/\/cecilegodart.fr\/wp-content\/uploads\/2024\/12\/Un-chat-dans-la-ville-1-1078x1536.jpg 1078w, https:\/\/cecilegodart.fr\/wp-content\/uploads\/2024\/12\/Un-chat-dans-la-ville-1-1437x2048.jpg 1437w, https:\/\/cecilegodart.fr\/wp-content\/uploads\/2024\/12\/Un-chat-dans-la-ville-1-scaled.jpg 1797w\" sizes=\"auto, (max-width: 719px) 100vw, 719px\" \/><\/a><\/figure><div class=\"wp-block-media-text__content\">\n<p><em><strong>Un chat dans la ville<\/strong><\/em><\/p>\n\n\n\n<p>Spectacle musical \u00e0 partir de 5 ans<\/p>\n<\/div><\/div>\n\n\n\n<p>____________________________________________________________________________________________<\/p>\n\n\n\n<div class=\"wp-block-media-text has-media-on-the-right is-stacked-on-mobile\"><div class=\"wp-block-media-text__content\">\n<p><em><a href=\"https:\/\/cecilegodart.fr\/index.php\/contes-et-balades-contees\/tout-gris\/\"><strong>Tout gris !<\/strong><\/a><\/em><\/p>\n\n\n\n<p>Contes et Musique \u00e0 partir de 3 ans<\/p>\n<\/div><figure class=\"wp-block-media-text__media\"><a href=\"https:\/\/cecilegodart.fr\/index.php\/contes-et-balades-contees\/tout-gris\/\"><img loading=\"lazy\" decoding=\"async\" width=\"962\" height=\"1024\" src=\"https:\/\/cecilegodart.fr\/wp-content\/uploads\/2025\/02\/TOUT-GRIS-AFFICHE-2-1-962x1024.jpg\" alt=\"\" class=\"wp-image-1237 size-full\" srcset=\"https:\/\/cecilegodart.fr\/wp-content\/uploads\/2025\/02\/TOUT-GRIS-AFFICHE-2-1-962x1024.jpg 962w, https:\/\/cecilegodart.fr\/wp-content\/uploads\/2025\/02\/TOUT-GRIS-AFFICHE-2-1-282x300.jpg 282w, https:\/\/cecilegodart.fr\/wp-content\/uploads\/2025\/02\/TOUT-GRIS-AFFICHE-2-1-768x818.jpg 768w, https:\/\/cecilegodart.fr\/wp-content\/uploads\/2025\/02\/TOUT-GRIS-AFFICHE-2-1-1442x1536.jpg 1442w, https:\/\/cecilegodart.fr\/wp-content\/uploads\/2025\/02\/TOUT-GRIS-AFFICHE-2-1-1923x2048.jpg 1923w\" sizes=\"auto, (max-width: 962px) 100vw, 962px\" \/><\/a><\/figure><\/div>\n\n\n\n<p>____________________________________________________________________________________________<\/p>\n\n\n\n<div class=\"wp-block-media-text is-stacked-on-mobile\"><figure class=\"wp-block-media-text__media\"><img loading=\"lazy\" decoding=\"async\" width=\"372\" height=\"527\" src=\"https:\/\/cecilegodart.fr\/wp-content\/uploads\/2025\/02\/chasse-au-tresor1-1.jpg\" alt=\"\" class=\"wp-image-1242 size-full\" srcset=\"https:\/\/cecilegodart.fr\/wp-content\/uploads\/2025\/02\/chasse-au-tresor1-1.jpg 372w, https:\/\/cecilegodart.fr\/wp-content\/uploads\/2025\/02\/chasse-au-tresor1-1-212x300.jpg 212w\" sizes=\"auto, (max-width: 372px) 100vw, 372px\" \/><\/figure><div class=\"wp-block-media-text__content\">\n<p><em><a href=\"https:\/\/cecilegodart.fr\/index.php\/spectacles\/chasse-au-tresor\/\"><strong>Chasse au tr\u00e9sor<\/strong><\/a><\/em><\/p>\n\n\n\n<p>Conte et musique \u00e0 partir de 4 ans<\/p>\n<\/div><\/div>\n\n\n\n<p>____________________________________________________________________________________________<\/p>\n\n\n\n<div class=\"wp-block-media-text has-media-on-the-right is-stacked-on-mobile\"><div class=\"wp-block-media-text__content\">\n<p><strong><a href=\"https:\/\/cecilegodart.fr\/index.php\/spectacles\/sagesse-ruse-et-malice\/\">RUSE<\/a><\/strong><\/p>\n\n\n\n<p>Conte et musique \u00e0 partir de 8 ans<\/p>\n<\/div><figure class=\"wp-block-media-text__media\"><img loading=\"lazy\" decoding=\"async\" width=\"1024\" height=\"683\" src=\"http:\/\/cecilegodart.fr\/wp-content\/uploads\/2024\/04\/021-1024x683.jpg\" alt=\"\" class=\"wp-image-908 size-full\" srcset=\"https:\/\/cecilegodart.fr\/wp-content\/uploads\/2024\/04\/021-1024x683.jpg 1024w, https:\/\/cecilegodart.fr\/wp-content\/uploads\/2024\/04\/021-300x200.jpg 300w, https:\/\/cecilegodart.fr\/wp-content\/uploads\/2024\/04\/021-768x512.jpg 768w, https:\/\/cecilegodart.fr\/wp-content\/uploads\/2024\/04\/021-1536x1024.jpg 1536w, https:\/\/cecilegodart.fr\/wp-content\/uploads\/2024\/04\/021-2048x1365.jpg 2048w\" sizes=\"auto, (max-width: 1024px) 100vw, 1024px\" \/><\/figure><\/div>\n\n\n\n<p>____________________________________________________________________________________________<\/p>\n\n\n\n<div class=\"wp-block-media-text is-stacked-on-mobile\"><figure class=\"wp-block-media-text__media\"><a href=\"https:\/\/cecilegodart.fr\/index.php\/spectacles\/ida\/\"><img loading=\"lazy\" decoding=\"async\" width=\"709\" height=\"1024\" src=\"https:\/\/cecilegodart.fr\/wp-content\/uploads\/2024\/07\/visuels-IDA-02-709x1024.jpg\" alt=\"\" class=\"wp-image-1068 size-full\" srcset=\"https:\/\/cecilegodart.fr\/wp-content\/uploads\/2024\/07\/visuels-IDA-02-709x1024.jpg 709w, https:\/\/cecilegodart.fr\/wp-content\/uploads\/2024\/07\/visuels-IDA-02-208x300.jpg 208w, https:\/\/cecilegodart.fr\/wp-content\/uploads\/2024\/07\/visuels-IDA-02-768x1109.jpg 768w, https:\/\/cecilegodart.fr\/wp-content\/uploads\/2024\/07\/visuels-IDA-02.jpg 1000w\" sizes=\"auto, (max-width: 709px) 100vw, 709px\" \/><\/a><\/figure><div class=\"wp-block-media-text__content\">\n<p><em><a href=\"https:\/\/cecilegodart.fr\/index.php\/spectacles\/ida\/\"><strong>Ida<\/strong><\/a><\/em><\/p>\n\n\n\n<p>Contes et Musique \u00e0 partir de 10 ans<\/p>\n<\/div><\/div>\n\n\n\n<p><\/p>\n","protected":false},"excerpt":{"rendered":"<p>Au pied du monde Spectacle musical et visuel Petite enfance ____________________________________________________________________________________________ Au Voleur ! Conte et Musique \u00e0 partir de 5 ans ____________________________________________________________________________________________ Quand tombe la nuit Th\u00e9\u00e2tre d&rsquo;ombre et musique \u00e0 partir de 3 ans ____________________________________________________________________________________________ Un chat dans la ville Spectacle musical \u00e0 partir de 5 ans ____________________________________________________________________________________________ Tout gris ! Contes et [&hellip;]<\/p>\n","protected":false},"author":1,"featured_media":0,"parent":0,"menu_order":2,"comment_status":"closed","ping_status":"closed","template":"","meta":{"footnotes":""},"class_list":["post-61","page","type-page","status-publish","hentry"],"_links":{"self":[{"href":"https:\/\/cecilegodart.fr\/index.php\/wp-json\/wp\/v2\/pages\/61","targetHints":{"allow":["GET"]}}],"collection":[{"href":"https:\/\/cecilegodart.fr\/index.php\/wp-json\/wp\/v2\/pages"}],"about":[{"href":"https:\/\/cecilegodart.fr\/index.php\/wp-json\/wp\/v2\/types\/page"}],"author":[{"embeddable":true,"href":"https:\/\/cecilegodart.fr\/index.php\/wp-json\/wp\/v2\/users\/1"}],"replies":[{"embeddable":true,"href":"https:\/\/cecilegodart.fr\/index.php\/wp-json\/wp\/v2\/comments?post=61"}],"version-history":[{"count":28,"href":"https:\/\/cecilegodart.fr\/index.php\/wp-json\/wp\/v2\/pages\/61\/revisions"}],"predecessor-version":[{"id":1324,"href":"https:\/\/cecilegodart.fr\/index.php\/wp-json\/wp\/v2\/pages\/61\/revisions\/1324"}],"wp:attachment":[{"href":"https:\/\/cecilegodart.fr\/index.php\/wp-json\/wp\/v2\/media?parent=61"}],"curies":[{"name":"wp","href":"https:\/\/api.w.org\/{rel}","templated":true}]}}