{"id":635,"date":"2024-03-30T22:28:27","date_gmt":"2024-03-30T21:28:27","guid":{"rendered":"https:\/\/cecilegodart.fr\/?page_id=635"},"modified":"2025-08-31T20:18:00","modified_gmt":"2025-08-31T18:18:00","slug":"tout-gris-le-spectacle","status":"publish","type":"page","link":"https:\/\/cecilegodart.fr\/index.php\/spectacles\/tout-gris\/tout-gris-le-spectacle\/","title":{"rendered":"Tout gris : le spectacle"},"content":{"rendered":"\n<p><\/p>\n\n\n\n<div class=\"wp-block-group is-layout-constrained wp-block-group-is-layout-constrained\">\n<figure class=\"wp-block-image size-full\"><img loading=\"lazy\" decoding=\"async\" width=\"2203\" height=\"2346\" src=\"https:\/\/cecilegodart.fr\/wp-content\/uploads\/2025\/08\/affiche-TOUT-GRIS.jpg\" alt=\"\" class=\"wp-image-1333\" srcset=\"https:\/\/cecilegodart.fr\/wp-content\/uploads\/2025\/08\/affiche-TOUT-GRIS.jpg 2203w, https:\/\/cecilegodart.fr\/wp-content\/uploads\/2025\/08\/affiche-TOUT-GRIS-282x300.jpg 282w, https:\/\/cecilegodart.fr\/wp-content\/uploads\/2025\/08\/affiche-TOUT-GRIS-962x1024.jpg 962w, https:\/\/cecilegodart.fr\/wp-content\/uploads\/2025\/08\/affiche-TOUT-GRIS-768x818.jpg 768w, https:\/\/cecilegodart.fr\/wp-content\/uploads\/2025\/08\/affiche-TOUT-GRIS-1442x1536.jpg 1442w, https:\/\/cecilegodart.fr\/wp-content\/uploads\/2025\/08\/affiche-TOUT-GRIS-1923x2048.jpg 1923w\" sizes=\"auto, (max-width: 2203px) 100vw, 2203px\" \/><\/figure>\n<\/div>\n\n\n\n<p class=\"has-text-align-center\"><em>C&rsquo;est l&rsquo;histoire d&rsquo;une ville pleine de maisons,&nbsp;<\/em><\/p>\n\n\n\n<p class=\"has-text-align-center\"><em>pleine de couleurs, de sourires, de chansons.<\/em><\/p>\n\n\n\n<p class=\"has-text-align-center\"><em>C&rsquo;est l&rsquo;histoire d&rsquo;un petit roi au c\u0153ur tr\u00e8s gris&nbsp;<\/em><\/p>\n\n\n\n<p class=\"has-text-align-center\"><em>qui a voulu changer tout \u00e7a&#8230;<\/em><\/p>\n\n\n\n<p class=\"has-text-align-center\"><em>C&rsquo;est l&rsquo;histoire d&rsquo;une poign\u00e9e d&rsquo;habitants,&nbsp;<\/em><\/p>\n\n\n\n<p class=\"has-text-align-center\"><em>un peu rebelles, un peu r\u00eaveurs,&nbsp;<\/em><\/p>\n\n\n\n<p class=\"has-text-align-center\"><em>qui ont d\u00e9cid\u00e9 que \u00e7a ne se passerait pas comme \u00e7a!<\/em><\/p>\n\n\n\n<figure class=\"wp-block-image size-full\"><img loading=\"lazy\" decoding=\"async\" width=\"257\" height=\"154\" src=\"https:\/\/cecilegodart.fr\/wp-content\/uploads\/2025\/08\/petit-papillon-1.jpg\" alt=\"\" class=\"wp-image-1334\"\/><\/figure>\n\n\n\n<p><strong>Spectacle Conte et musique<\/strong><\/p>\n\n\n\n<p><strong>A partir de 3 ans &#8211; Dur\u00e9e : 45 minutes<\/strong><\/p>\n\n\n\n<p>Aide \u00e0 la cr\u00e9ation, id\u00e9es et regard : Marie-Caroline Gu\u00e9rard<\/p>\n\n\n\n<p><\/p>\n\n\n\n<p>Tout gris : <a href=\"https:\/\/cecilegodart.fr\/index.php\/spectacles\/tout-gris\/tout-gris-distribution\/\" data-type=\"page\" data-id=\"959\">Distribution<\/a> <a href=\"https:\/\/cecilegodart.fr\/index.php\/tout-gris-note-dintention\/\">En savoir plus<\/a> <\/p>\n","protected":false},"excerpt":{"rendered":"<p>C&rsquo;est l&rsquo;histoire d&rsquo;une ville pleine de maisons,&nbsp; pleine de couleurs, de sourires, de chansons. C&rsquo;est l&rsquo;histoire d&rsquo;un petit roi au c\u0153ur tr\u00e8s gris&nbsp; qui a voulu changer tout \u00e7a&#8230; C&rsquo;est l&rsquo;histoire d&rsquo;une poign\u00e9e d&rsquo;habitants,&nbsp; un peu rebelles, un peu r\u00eaveurs,&nbsp; qui ont d\u00e9cid\u00e9 que \u00e7a ne se passerait pas comme \u00e7a! Spectacle Conte et musique [&hellip;]<\/p>\n","protected":false},"author":1,"featured_media":0,"parent":71,"menu_order":1,"comment_status":"closed","ping_status":"closed","template":"","meta":{"footnotes":""},"class_list":["post-635","page","type-page","status-publish","hentry"],"_links":{"self":[{"href":"https:\/\/cecilegodart.fr\/index.php\/wp-json\/wp\/v2\/pages\/635","targetHints":{"allow":["GET"]}}],"collection":[{"href":"https:\/\/cecilegodart.fr\/index.php\/wp-json\/wp\/v2\/pages"}],"about":[{"href":"https:\/\/cecilegodart.fr\/index.php\/wp-json\/wp\/v2\/types\/page"}],"author":[{"embeddable":true,"href":"https:\/\/cecilegodart.fr\/index.php\/wp-json\/wp\/v2\/users\/1"}],"replies":[{"embeddable":true,"href":"https:\/\/cecilegodart.fr\/index.php\/wp-json\/wp\/v2\/comments?post=635"}],"version-history":[{"count":7,"href":"https:\/\/cecilegodart.fr\/index.php\/wp-json\/wp\/v2\/pages\/635\/revisions"}],"predecessor-version":[{"id":1387,"href":"https:\/\/cecilegodart.fr\/index.php\/wp-json\/wp\/v2\/pages\/635\/revisions\/1387"}],"up":[{"embeddable":true,"href":"https:\/\/cecilegodart.fr\/index.php\/wp-json\/wp\/v2\/pages\/71"}],"wp:attachment":[{"href":"https:\/\/cecilegodart.fr\/index.php\/wp-json\/wp\/v2\/media?parent=635"}],"curies":[{"name":"wp","href":"https:\/\/api.w.org\/{rel}","templated":true}]}}