{"id":642,"date":"2024-03-30T22:32:51","date_gmt":"2024-03-30T21:32:51","guid":{"rendered":"https:\/\/cecilegodart.fr\/?page_id=642"},"modified":"2025-08-31T20:18:29","modified_gmt":"2025-08-31T18:18:29","slug":"tout-gris-note-dintention","status":"publish","type":"page","link":"https:\/\/cecilegodart.fr\/index.php\/spectacles\/tout-gris\/tout-gris-note-dintention\/","title":{"rendered":"Tout gris : en savoir plus"},"content":{"rendered":"\n<p>C&rsquo;est un spectacle qui parle du d\u00e9sir de pouvoir et des situations absurdes que le pouvoir peut g\u00e9n\u00e9rer. C&rsquo;est un spectacle qui parle du rapport au pouvoir : soumission, silence, r\u00e9bellion ? C&rsquo;est un spectacle qui montre que l&rsquo;art, la po\u00e9sie et la sensibilit\u00e9 peuvent jouer un r\u00f4le essentiel dans la lutte contre les formes de pouvoir excessif. C&rsquo;est un spectacle qui montre qu&rsquo;\u00e0 plusieurs, on est plus fort et qu&rsquo;on peut faire changer les choses.<\/p>\n\n\n\n<p>Tout gris : <a href=\"https:\/\/cecilegodart.fr\/index.php\/tout-gris-le-spectacle\/\">Le spectacle<\/a> <a href=\"https:\/\/cecilegodart.fr\/index.php\/spectacles\/tout-gris\/tout-gris-distribution\/\">Distribution<\/a> <\/p>\n","protected":false},"excerpt":{"rendered":"<p>C&rsquo;est un spectacle qui parle du d\u00e9sir de pouvoir et des situations absurdes que le pouvoir peut g\u00e9n\u00e9rer. C&rsquo;est un spectacle qui parle du rapport au pouvoir : soumission, silence, r\u00e9bellion ? C&rsquo;est un spectacle qui montre que l&rsquo;art, la po\u00e9sie et la sensibilit\u00e9 peuvent jouer un r\u00f4le essentiel dans la lutte contre les formes [&hellip;]<\/p>\n","protected":false},"author":1,"featured_media":0,"parent":71,"menu_order":3,"comment_status":"closed","ping_status":"closed","template":"","meta":{"footnotes":""},"class_list":["post-642","page","type-page","status-publish","hentry"],"_links":{"self":[{"href":"https:\/\/cecilegodart.fr\/index.php\/wp-json\/wp\/v2\/pages\/642","targetHints":{"allow":["GET"]}}],"collection":[{"href":"https:\/\/cecilegodart.fr\/index.php\/wp-json\/wp\/v2\/pages"}],"about":[{"href":"https:\/\/cecilegodart.fr\/index.php\/wp-json\/wp\/v2\/types\/page"}],"author":[{"embeddable":true,"href":"https:\/\/cecilegodart.fr\/index.php\/wp-json\/wp\/v2\/users\/1"}],"replies":[{"embeddable":true,"href":"https:\/\/cecilegodart.fr\/index.php\/wp-json\/wp\/v2\/comments?post=642"}],"version-history":[{"count":6,"href":"https:\/\/cecilegodart.fr\/index.php\/wp-json\/wp\/v2\/pages\/642\/revisions"}],"predecessor-version":[{"id":1389,"href":"https:\/\/cecilegodart.fr\/index.php\/wp-json\/wp\/v2\/pages\/642\/revisions\/1389"}],"up":[{"embeddable":true,"href":"https:\/\/cecilegodart.fr\/index.php\/wp-json\/wp\/v2\/pages\/71"}],"wp:attachment":[{"href":"https:\/\/cecilegodart.fr\/index.php\/wp-json\/wp\/v2\/media?parent=642"}],"curies":[{"name":"wp","href":"https:\/\/api.w.org\/{rel}","templated":true}]}}